{"id":2,"date":"2025-12-09T11:11:37","date_gmt":"2025-12-09T11:11:37","guid":{"rendered":"http:\/\/vivavox.pl\/?page_id=2"},"modified":"2025-12-09T11:22:33","modified_gmt":"2025-12-09T11:22:33","slug":"o-nas","status":"publish","type":"page","link":"https:\/\/vivavox.pl\/index.php\/o-nas\/","title":{"rendered":"O Nas"},"content":{"rendered":"\n<p><strong>Viva Vox<\/strong>&nbsp;to zesp\u00f3\u0142 wokalno-muzyczny tworzony przez ludzi, kt\u00f3rych \u0142\u0105czy jedno \u2014 rado\u015b\u0107 \u015bpiewania i pragnienie, by poprzez muzyk\u0119 budowa\u0107 przestrze\u0144 modlitwy, nadziei i wsp\u00f3lnoty. Nasz repertuar opiera si\u0119 na&nbsp;<strong>muzyce religijnej, ko\u015bcielnej oraz wsp\u00f3\u0142czesnych pie\u015bniach uwielbienia<\/strong>, wykonywanych w \u015bwie\u017cym, pe\u0142nym emocji stylu.<\/p>\n\n\n\n<p>Zesp\u00f3\u0142 tworz\u0105&nbsp;<strong>r\u00f3\u017cnorodne g\u0142osy<\/strong>: od delikatnych sopran\u00f3w, przez mocne alty, po ciep\u0142e, g\u0142\u0119bokie m\u0119skie barwy. Ta r\u00f3\u017cnorodno\u015b\u0107 sprawia, \u017ce nasze brzmienie jest&nbsp;<strong>bogate, pe\u0142ne harmonii i wyj\u0105tkowego koloru<\/strong>, a ka\u017cda pie\u015b\u0144 zyskuje w\u0142asny, niepowtarzalny charakter. Nie boimy si\u0119 \u0142\u0105czy\u0107 tradycji z nowoczesno\u015bci\u0105 \u2014 obok klasycznych pie\u015bni pojawiaj\u0105 si\u0119 u nas r\u00f3wnie\u017c wsp\u00f3\u0142czesne aran\u017cacje, subtelne akustyczne brzmienia i starannie dobrane wokalne harmonie.<\/p>\n\n\n\n<p>Nazwa&nbsp;<strong>Viva Vox<\/strong>&nbsp;pochodzi z j\u0119zyka \u0142aci\u0144skiego i oznacza&nbsp;<strong>\u201e\u017cywy g\u0142os\u201d<\/strong>&nbsp;lub&nbsp;<strong>\u201eg\u0142os, kt\u00f3ry o\u017cywia\u201d<\/strong>. Wybrali\u015bmy j\u0105, poniewa\u017c najlepiej oddaje to, czym chcemy by\u0107 jako zesp\u00f3\u0142.<\/p>\n\n\n\n<p>\u015apiewamy, aby&nbsp;<strong>tchn\u0105\u0107 \u017cycie w s\u0142owa modlitwy<\/strong>, by muzyka stawa\u0142a si\u0119 przestrzeni\u0105 spotkania z Bogiem i drugim cz\u0142owiekiem. \u201eViva\u201d symbolizuje&nbsp;<strong>rado\u015b\u0107, energi\u0119 i wsp\u00f3lnot\u0119<\/strong>, a \u201eVox\u201d \u2014&nbsp;<strong>g\u0142os, kt\u00f3ry niesie przes\u0142anie wiary<\/strong>.<\/p>\n\n\n\n<p>Po\u0142\u0105czenie tych dw\u00f3ch s\u0142\u00f3w tworzy nazw\u0119, kt\u00f3ra wyra\u017ca nasze marzenie:<\/p>\n\n\n\n<p>aby ka\u017cdy d\u017awi\u0119k, ka\u017cdy ch\u00f3r i ka\u017cda pie\u015b\u0144 by\u0142y&nbsp;<strong>\u017cywym \u015bwiadectwem wiary i uwielbienia<\/strong>.<\/p>\n\n\n\n<p><\/p>\n","protected":false},"excerpt":{"rendered":"<p>Viva Vox&nbsp;to zesp\u00f3\u0142 wokalno-muzyczny tworzony przez ludzi, kt\u00f3rych \u0142\u0105czy jedno \u2014 rado\u015b\u0107 \u015bpiewania i pragnienie, by poprzez muzyk\u0119 budowa\u0107 przestrze\u0144 modlitwy, nadziei i wsp\u00f3lnoty. Nasz repertuar opiera si\u0119 na&nbsp;muzyce religijnej, ko\u015bcielnej oraz wsp\u00f3\u0142czesnych pie\u015bniach uwielbienia, wykonywanych w \u015bwie\u017cym, pe\u0142nym emocji stylu. Zesp\u00f3\u0142 tworz\u0105&nbsp;r\u00f3\u017cnorodne g\u0142osy: od delikatnych sopran\u00f3w, przez mocne alty, po ciep\u0142e, g\u0142\u0119bokie m\u0119skie barwy. <a href=\"https:\/\/vivavox.pl\/index.php\/o-nas\/\" class=\"more-link\">&#8230;<span class=\"screen-reader-text\">  O Nas<\/span><\/a><\/p>\n","protected":false},"author":1,"featured_media":0,"parent":0,"menu_order":0,"comment_status":"closed","ping_status":"open","template":"","meta":{"footnotes":""},"class_list":["post-2","page","type-page","status-publish","hentry"],"_links":{"self":[{"href":"https:\/\/vivavox.pl\/index.php\/wp-json\/wp\/v2\/pages\/2","targetHints":{"allow":["GET"]}}],"collection":[{"href":"https:\/\/vivavox.pl\/index.php\/wp-json\/wp\/v2\/pages"}],"about":[{"href":"https:\/\/vivavox.pl\/index.php\/wp-json\/wp\/v2\/types\/page"}],"author":[{"embeddable":true,"href":"https:\/\/vivavox.pl\/index.php\/wp-json\/wp\/v2\/users\/1"}],"replies":[{"embeddable":true,"href":"https:\/\/vivavox.pl\/index.php\/wp-json\/wp\/v2\/comments?post=2"}],"version-history":[{"count":1,"href":"https:\/\/vivavox.pl\/index.php\/wp-json\/wp\/v2\/pages\/2\/revisions"}],"predecessor-version":[{"id":8,"href":"https:\/\/vivavox.pl\/index.php\/wp-json\/wp\/v2\/pages\/2\/revisions\/8"}],"wp:attachment":[{"href":"https:\/\/vivavox.pl\/index.php\/wp-json\/wp\/v2\/media?parent=2"}],"curies":[{"name":"wp","href":"https:\/\/api.w.org\/{rel}","templated":true}]}}